{"id":175,"date":"2023-02-14T00:13:56","date_gmt":"2023-02-14T03:13:56","guid":{"rendered":"https:\/\/mantyr.cl\/?page_id=175"},"modified":"2023-10-19T18:37:12","modified_gmt":"2023-10-19T21:37:12","slug":"nosotros","status":"publish","type":"page","link":"https:\/\/mantyr.cl\/index.php\/nosotros\/","title":{"rendered":"Nosotros"},"content":{"rendered":"\n<figure class=\"wp-block-image aligncenter size-full is-resized\"><img loading=\"lazy\" decoding=\"async\" width=\"298\" height=\"392\" src=\"https:\/\/mantyr.cl\/wp-content\/uploads\/2023\/02\/mantyr-logo.png\" alt=\"\" class=\"wp-image-24\" style=\"width:142px;height:186px\" srcset=\"https:\/\/mantyr.cl\/wp-content\/uploads\/2023\/02\/mantyr-logo.png 298w, https:\/\/mantyr.cl\/wp-content\/uploads\/2023\/02\/mantyr-logo-228x300.png 228w\" sizes=\"auto, (max-width: 298px) 100vw, 298px\" \/><\/figure>\n\n\n\n<p class=\"has-text-align-left\"><strong>MANTYR<\/strong> es una empresa especializada en la promoci\u00f3n e instalaci\u00f3n de sistemas de seguridad y tecnolog\u00eda para el hogar y los negocios. Con a\u00f1os de experiencia en el mercado, ofrecemos soluciones personalizadas para cada necesidad, desde c\u00e1maras de seguridad y alarmas comunitarias hasta la implementaci\u00f3n de sistemas de dom\u00f3tica e inform\u00e1tica.<\/p>\n\n\n\n<p class=\"has-text-align-left\">En <strong>MANTYR<\/strong>, nuestra prioridad es la seguridad y la tranquilidad de nuestros clientes. Por eso, trabajamos con los mejores productos y tecnolog\u00edas del mercado, garantizando as\u00ed la fiabilidad y efectividad de nuestros sistemas. Adem\u00e1s, contamos con un equipo de profesionales altamente capacitados que brindan asesoramiento y soporte t\u00e9cnico para garantizar la satisfacci\u00f3n de nuestros clientes.<\/p>\n\n\n\n<p class=\"has-text-align-left\">Si est\u00e1s buscando una empresa confiable y comprometida con la seguridad y la tecnolog\u00eda, <strong>MANTYR<\/strong> es la soluci\u00f3n que necesitas. Cont\u00e1ctanos para m\u00e1s informaci\u00f3n y descubre c\u00f3mo podemos ayudarte a proteger lo que m\u00e1s te importa.<\/p>\n","protected":false},"excerpt":{"rendered":"<p>MANTYR es una empresa especializada en la promoci\u00f3n e instalaci\u00f3n de sistemas de seguridad y tecnolog\u00eda para el hogar y los negocios. Con a\u00f1os de experiencia en el mercado, ofrecemos soluciones personalizadas para cada necesidad, desde c\u00e1maras de seguridad y alarmas comunitarias hasta la implementaci\u00f3n de sistemas de dom\u00f3tica e inform\u00e1tica. En MANTYR, nuestra prioridad [&hellip;]<\/p>\n","protected":false},"author":1,"featured_media":0,"parent":0,"menu_order":0,"comment_status":"closed","ping_status":"closed","template":"","meta":{"footnotes":""},"class_list":["post-175","page","type-page","status-publish","hentry"],"_links":{"self":[{"href":"https:\/\/mantyr.cl\/index.php\/wp-json\/wp\/v2\/pages\/175","targetHints":{"allow":["GET"]}}],"collection":[{"href":"https:\/\/mantyr.cl\/index.php\/wp-json\/wp\/v2\/pages"}],"about":[{"href":"https:\/\/mantyr.cl\/index.php\/wp-json\/wp\/v2\/types\/page"}],"author":[{"embeddable":true,"href":"https:\/\/mantyr.cl\/index.php\/wp-json\/wp\/v2\/users\/1"}],"replies":[{"embeddable":true,"href":"https:\/\/mantyr.cl\/index.php\/wp-json\/wp\/v2\/comments?post=175"}],"version-history":[{"count":7,"href":"https:\/\/mantyr.cl\/index.php\/wp-json\/wp\/v2\/pages\/175\/revisions"}],"predecessor-version":[{"id":240,"href":"https:\/\/mantyr.cl\/index.php\/wp-json\/wp\/v2\/pages\/175\/revisions\/240"}],"wp:attachment":[{"href":"https:\/\/mantyr.cl\/index.php\/wp-json\/wp\/v2\/media?parent=175"}],"curies":[{"name":"wp","href":"https:\/\/api.w.org\/{rel}","templated":true}]}}